{"id":32497,"date":"2026-05-08T07:59:51","date_gmt":"2026-05-08T05:59:51","guid":{"rendered":"https:\/\/garantigruppen.com\/?page_id=32497"},"modified":"2026-05-08T08:00:31","modified_gmt":"2026-05-08T06:00:31","slug":"forsakring","status":"publish","type":"page","link":"https:\/\/garantigruppen.com\/no\/forsakring\/","title":{"rendered":"F\u00f6rs\u00e4kring"},"content":{"rendered":"<style>.kb-row-layout-id32497_734cc9-d3 > .kt-row-column-wrap{align-content:start;}:where(.kb-row-layout-id32497_734cc9-d3 > .kt-row-column-wrap) > .wp-block-kadence-column{justify-content:start;}.kb-row-layout-id32497_734cc9-d3 > .kt-row-column-wrap{column-gap:var(--global-kb-gap-md, 2rem);row-gap:var(--global-kb-gap-md, 2rem);max-width:1200px;margin-left:auto;margin-right:auto;padding-top:var(--global-kb-spacing-xxl, 5rem);padding-bottom:var(--global-kb-spacing-xxl, 5rem);grid-template-columns:minmax(0, 1fr);}.kb-row-layout-id32497_734cc9-d3 > .kt-row-layout-overlay{opacity:0.30;}@media all and (max-width: 1024px){.kb-row-layout-id32497_734cc9-d3 > .kt-row-column-wrap{grid-template-columns:minmax(0, 1fr);}}@media all and (max-width: 767px){.kb-row-layout-id32497_734cc9-d3 > .kt-row-column-wrap{grid-template-columns:minmax(0, 1fr);}}<\/style><div class=\"kb-row-layout-wrap kb-row-layout-id32497_734cc9-d3 alignnone wp-block-kadence-rowlayout\"><div class=\"kt-row-column-wrap kt-has-1-columns kt-row-layout-equal kt-tab-layout-inherit kt-mobile-layout-row kt-row-valign-top\">\n<style>.kadence-column32497_dfd937-b5 > .kt-inside-inner-col,.kadence-column32497_dfd937-b5 > .kt-inside-inner-col:before{border-top-left-radius:0px;border-top-right-radius:0px;border-bottom-right-radius:0px;border-bottom-left-radius:0px;}.kadence-column32497_dfd937-b5 > .kt-inside-inner-col{column-gap:var(--global-kb-gap-sm, 1rem);}.kadence-column32497_dfd937-b5 > .kt-inside-inner-col{flex-direction:column;}.kadence-column32497_dfd937-b5 > .kt-inside-inner-col > .aligncenter{width:100%;}.kadence-column32497_dfd937-b5 > .kt-inside-inner-col:before{opacity:0.3;}.kadence-column32497_dfd937-b5{position:relative;}@media all and (max-width: 1024px){.kadence-column32497_dfd937-b5 > .kt-inside-inner-col{flex-direction:column;}}@media all and (max-width: 767px){.kadence-column32497_dfd937-b5 > .kt-inside-inner-col{flex-direction:column;}}<\/style>\n<div class=\"wp-block-kadence-column kadence-column32497_dfd937-b5\"><div class=\"kt-inside-inner-col\">\n<p><strong>Journummer vid driftstopp, b\u00e4rgning &amp; assistans<\/strong><\/p>\n\n\n\n<p>Vid driftstopp eller behov av b\u00e4rgning och v\u00e4gassistans kontaktar kunden:<\/p>\n\n\n\n<p><strong>Assistancek\u00e5rens R\u00e4ddningscentral<\/strong><br>010-51 82 66<br>Tillg\u00e4ngligt dygnet runt.<\/p>\n\n\n\n<p>De hj\u00e4lper kunden med v\u00e4gassistans, b\u00e4rgning och koordinerar vid behov hyrbil, \u00f6vernattning eller fortsatt resa.<\/p>\n\n\n\n<hr class=\"wp-block-separator has-alpha-channel-opacity\"\/>\n\n\n\n<p><strong>\u00d6vrig kontaktinformation f\u00f6r Zmarta Premium<\/strong><\/p>\n\n\n\n<p><strong>Kundtj\u00e4nst<\/strong><br>F\u00f6r fr\u00e5gor om f\u00f6rs\u00e4kringen, faktura, upps\u00e4gning m.m.<\/p>\n\n\n\n<p><a>forsakring@zmarta.se<\/a><br>08-51 000 091<\/p>\n\n\n\n<hr class=\"wp-block-separator has-alpha-channel-opacity\"\/>\n\n\n\n<p><strong>Melding om krav<\/strong><br>Sj\u00e4lvriskreducering och hyrbilsers\u00e4ttning.<\/p>\n\n\n\n<p>G\u00f6rs via <strong>Er F\u00f6rs\u00e4krings<\/strong> hemsida \u2013 enkelt och tillg\u00e4ngligt dygnet runt.<\/p>\n\n\n\n<hr class=\"wp-block-separator has-alpha-channel-opacity\"\/>\n\n\n\n<p>Tj\u00e4nsten \u00e4r en f\u00f6rs\u00e4kringstj\u00e4nst som erbjuds via annat bolag.<\/p>\n<\/div><\/div>\n\n<\/div><\/div>","protected":false},"excerpt":{"rendered":"<p>Journummer vid driftstopp, b\u00e4rgning &amp; assistans Vid driftstopp eller behov av b\u00e4rgning och v\u00e4gassistans kontaktar kunden: Assistancek\u00e5rens R\u00e4ddningscentral010-51 82 66Tillg\u00e4ngligt dygnet runt. De hj\u00e4lper kunden med v\u00e4gassistans, b\u00e4rgning och koordinerar vid behov hyrbil, \u00f6vernattning eller fortsatt resa. \u00d6vrig kontaktinformation f\u00f6r Zmarta Premium Kundtj\u00e4nstF\u00f6r fr\u00e5gor om f\u00f6rs\u00e4kringen, faktura, upps\u00e4gning m.m. forsakring@zmarta.se08-51 000 091 Skadeanm\u00e4lanSj\u00e4lvriskreducering och hyrbilsers\u00e4ttning. [&hellip;]<\/p>","protected":false},"author":1,"featured_media":0,"parent":0,"menu_order":0,"comment_status":"closed","ping_status":"closed","template":"","meta":{"_acf_changed":false,"_kad_blocks_custom_css":"","_kad_blocks_head_custom_js":"","_kad_blocks_body_custom_js":"","_kad_blocks_footer_custom_js":"","_monsterinsights_skip_tracking":false,"_monsterinsights_sitenote_active":false,"_monsterinsights_sitenote_note":"","_monsterinsights_sitenote_category":0,"footnotes":""},"class_list":["post-32497","page","type-page","status-publish","hentry"],"acf":[],"yoast_head":"<!-- This site is optimized with the Yoast SEO plugin v23.7 - https:\/\/yoast.com\/wordpress\/plugins\/seo\/ -->\n<title>F\u00f6rs\u00e4kring - Garantigruppen<\/title>\n<meta name=\"robots\" content=\"index, follow, max-snippet:-1, max-image-preview:large, max-video-preview:-1\" \/>\n<link rel=\"canonical\" href=\"https:\/\/garantigruppen.com\/no\/forsakring\/\" \/>\n<meta property=\"og:locale\" content=\"nb_NO\" \/>\n<meta property=\"og:type\" content=\"article\" \/>\n<meta property=\"og:title\" content=\"F\u00f6rs\u00e4kring - Garantigruppen\" \/>\n<meta property=\"og:description\" content=\"Journummer vid driftstopp, b\u00e4rgning &amp; assistans Vid driftstopp eller behov av b\u00e4rgning och v\u00e4gassistans kontaktar kunden: Assistancek\u00e5rens R\u00e4ddningscentral010-51 82 66Tillg\u00e4ngligt dygnet runt. De hj\u00e4lper kunden med v\u00e4gassistans, b\u00e4rgning och koordinerar vid behov hyrbil, \u00f6vernattning eller fortsatt resa. \u00d6vrig kontaktinformation f\u00f6r Zmarta Premium Kundtj\u00e4nstF\u00f6r fr\u00e5gor om f\u00f6rs\u00e4kringen, faktura, upps\u00e4gning m.m. forsakring@zmarta.se08-51 000 091 Skadeanm\u00e4lanSj\u00e4lvriskreducering och hyrbilsers\u00e4ttning. [&hellip;]\" \/>\n<meta property=\"og:url\" content=\"https:\/\/garantigruppen.com\/no\/forsakring\/\" \/>\n<meta property=\"og:site_name\" content=\"Garantigruppen\" \/>\n<meta property=\"article:modified_time\" content=\"2026-05-08T06:00:31+00:00\" \/>\n<meta name=\"twitter:card\" content=\"summary_large_image\" \/>\n<meta name=\"twitter:label1\" content=\"Est. reading time\" \/>\n\t<meta name=\"twitter:data1\" content=\"1 minute\" \/>\n<script type=\"application\/ld+json\" class=\"yoast-schema-graph\">{\"@context\":\"https:\/\/schema.org\",\"@graph\":[{\"@type\":\"WebPage\",\"@id\":\"https:\/\/garantigruppen.com\/forsakring\/\",\"url\":\"https:\/\/garantigruppen.com\/forsakring\/\",\"name\":\"F\u00f6rs\u00e4kring - Garantigruppen\",\"isPartOf\":{\"@id\":\"https:\/\/garantigruppen.com\/#website\"},\"datePublished\":\"2026-05-08T05:59:51+00:00\",\"dateModified\":\"2026-05-08T06:00:31+00:00\",\"breadcrumb\":{\"@id\":\"https:\/\/garantigruppen.com\/forsakring\/#breadcrumb\"},\"inLanguage\":\"nb-NO\",\"potentialAction\":[{\"@type\":\"ReadAction\",\"target\":[\"https:\/\/garantigruppen.com\/forsakring\/\"]}]},{\"@type\":\"BreadcrumbList\",\"@id\":\"https:\/\/garantigruppen.com\/forsakring\/#breadcrumb\",\"itemListElement\":[{\"@type\":\"ListItem\",\"position\":1,\"name\":\"Hem\",\"item\":\"https:\/\/garantigruppen.com\/\"},{\"@type\":\"ListItem\",\"position\":2,\"name\":\"F\u00f6rs\u00e4kring\"}]},{\"@type\":\"WebSite\",\"@id\":\"https:\/\/garantigruppen.com\/#website\",\"url\":\"https:\/\/garantigruppen.com\/\",\"name\":\"Garantigruppen\",\"description\":\"Din trygghet, v\u00e5r garanti.\",\"potentialAction\":[{\"@type\":\"SearchAction\",\"target\":{\"@type\":\"EntryPoint\",\"urlTemplate\":\"https:\/\/garantigruppen.com\/?s={search_term_string}\"},\"query-input\":{\"@type\":\"PropertyValueSpecification\",\"valueRequired\":true,\"valueName\":\"search_term_string\"}}],\"inLanguage\":\"nb-NO\"}]}<\/script>\n<!-- \/ Yoast SEO plugin. -->","yoast_head_json":{"title":"F\u00f6rs\u00e4kring - Garantigruppen","robots":{"index":"index","follow":"follow","max-snippet":"max-snippet:-1","max-image-preview":"max-image-preview:large","max-video-preview":"max-video-preview:-1"},"canonical":"https:\/\/garantigruppen.com\/no\/forsakring\/","og_locale":"nb_NO","og_type":"article","og_title":"F\u00f6rs\u00e4kring - Garantigruppen","og_description":"Journummer vid driftstopp, b\u00e4rgning &amp; assistans Vid driftstopp eller behov av b\u00e4rgning och v\u00e4gassistans kontaktar kunden: Assistancek\u00e5rens R\u00e4ddningscentral010-51 82 66Tillg\u00e4ngligt dygnet runt. De hj\u00e4lper kunden med v\u00e4gassistans, b\u00e4rgning och koordinerar vid behov hyrbil, \u00f6vernattning eller fortsatt resa. \u00d6vrig kontaktinformation f\u00f6r Zmarta Premium Kundtj\u00e4nstF\u00f6r fr\u00e5gor om f\u00f6rs\u00e4kringen, faktura, upps\u00e4gning m.m. forsakring@zmarta.se08-51 000 091 Skadeanm\u00e4lanSj\u00e4lvriskreducering och hyrbilsers\u00e4ttning. [&hellip;]","og_url":"https:\/\/garantigruppen.com\/no\/forsakring\/","og_site_name":"Garantigruppen","article_modified_time":"2026-05-08T06:00:31+00:00","twitter_card":"summary_large_image","twitter_misc":{"Est. reading time":"1 minute"},"schema":{"@context":"https:\/\/schema.org","@graph":[{"@type":"WebPage","@id":"https:\/\/garantigruppen.com\/forsakring\/","url":"https:\/\/garantigruppen.com\/forsakring\/","name":"F\u00f6rs\u00e4kring - Garantigruppen","isPartOf":{"@id":"https:\/\/garantigruppen.com\/#website"},"datePublished":"2026-05-08T05:59:51+00:00","dateModified":"2026-05-08T06:00:31+00:00","breadcrumb":{"@id":"https:\/\/garantigruppen.com\/forsakring\/#breadcrumb"},"inLanguage":"nb-NO","potentialAction":[{"@type":"ReadAction","target":["https:\/\/garantigruppen.com\/forsakring\/"]}]},{"@type":"BreadcrumbList","@id":"https:\/\/garantigruppen.com\/forsakring\/#breadcrumb","itemListElement":[{"@type":"ListItem","position":1,"name":"Hem","item":"https:\/\/garantigruppen.com\/"},{"@type":"ListItem","position":2,"name":"F\u00f6rs\u00e4kring"}]},{"@type":"WebSite","@id":"https:\/\/garantigruppen.com\/#website","url":"https:\/\/garantigruppen.com\/","name":"Garantigruppen","description":"Din trygghet, v\u00e5r garanti.","potentialAction":[{"@type":"SearchAction","target":{"@type":"EntryPoint","urlTemplate":"https:\/\/garantigruppen.com\/?s={search_term_string}"},"query-input":{"@type":"PropertyValueSpecification","valueRequired":true,"valueName":"search_term_string"}}],"inLanguage":"nb-NO"}]}},"taxonomy_info":[],"featured_image_src_large":false,"author_info":{"display_name":"smort","author_link":"https:\/\/garantigruppen.com\/no\/author\/smort\/"},"comment_info":0,"_links":{"self":[{"href":"https:\/\/garantigruppen.com\/no\/wp-json\/wp\/v2\/pages\/32497","targetHints":{"allow":["GET"]}}],"collection":[{"href":"https:\/\/garantigruppen.com\/no\/wp-json\/wp\/v2\/pages"}],"about":[{"href":"https:\/\/garantigruppen.com\/no\/wp-json\/wp\/v2\/types\/page"}],"author":[{"embeddable":true,"href":"https:\/\/garantigruppen.com\/no\/wp-json\/wp\/v2\/users\/1"}],"replies":[{"embeddable":true,"href":"https:\/\/garantigruppen.com\/no\/wp-json\/wp\/v2\/comments?post=32497"}],"version-history":[{"count":2,"href":"https:\/\/garantigruppen.com\/no\/wp-json\/wp\/v2\/pages\/32497\/revisions"}],"predecessor-version":[{"id":32499,"href":"https:\/\/garantigruppen.com\/no\/wp-json\/wp\/v2\/pages\/32497\/revisions\/32499"}],"wp:attachment":[{"href":"https:\/\/garantigruppen.com\/no\/wp-json\/wp\/v2\/media?parent=32497"}],"curies":[{"name":"wp","href":"https:\/\/api.w.org\/{rel}","templated":true}]}}