{"id":10458,"date":"2024-05-22T11:28:50","date_gmt":"2024-05-22T09:28:50","guid":{"rendered":"https:\/\/garantigruppen.com\/?page_id=10458"},"modified":"2024-05-22T11:29:09","modified_gmt":"2024-05-22T09:29:09","slug":"teckna-garanti-development","status":"publish","type":"page","link":"https:\/\/garantigruppen.com\/no\/teckna-garanti-development\/","title":{"rendered":"Ta ut en garanti - UTVIKLING"},"content":{"rendered":"<style>.kb-row-layout-wrap.wp-block-kadence-rowlayout.kb-row-layout-id10458_6d338a-1b{margin-top:-200px;}.kb-row-layout-id10458_6d338a-1b > .kt-row-column-wrap{align-content:start;}:where(.kb-row-layout-id10458_6d338a-1b > .kt-row-column-wrap) > .wp-block-kadence-column{justify-content:start;}.kb-row-layout-id10458_6d338a-1b > .kt-row-column-wrap{column-gap:var(--global-kb-gap-md, 2rem);row-gap:var(--global-kb-gap-md, 2rem);max-width:1000px;margin-left:auto;margin-right:auto;grid-template-columns:minmax(0, 1fr);}.kb-row-layout-id10458_6d338a-1b > .kt-row-layout-overlay{opacity:0.30;}@media all and (max-width: 1024px){.kb-row-layout-id10458_6d338a-1b > .kt-row-column-wrap{grid-template-columns:minmax(0, 1fr);}}@media all and (max-width: 767px){.kb-row-layout-id10458_6d338a-1b > .kt-row-column-wrap{grid-template-columns:minmax(0, 1fr);}}<\/style><div class=\"kb-row-layout-wrap kb-row-layout-id10458_6d338a-1b alignfull wp-block-kadence-rowlayout\"><div class=\"kt-row-column-wrap kt-has-1-columns kt-row-layout-equal kt-tab-layout-inherit kt-mobile-layout-row kt-row-valign-top\">\n<style>.kadence-column10458_faa600-28 > .kt-inside-inner-col,.kadence-column10458_faa600-28 > .kt-inside-inner-col:before{border-top-left-radius:0px;border-top-right-radius:0px;border-bottom-right-radius:0px;border-bottom-left-radius:0px;}.kadence-column10458_faa600-28 > .kt-inside-inner-col{column-gap:var(--global-kb-gap-sm, 1rem);}.kadence-column10458_faa600-28 > .kt-inside-inner-col{flex-direction:column;}.kadence-column10458_faa600-28 > .kt-inside-inner-col > .aligncenter{width:100%;}.kadence-column10458_faa600-28 > .kt-inside-inner-col:before{opacity:0.3;}.kadence-column10458_faa600-28{position:relative;}@media all and (max-width: 1024px){.kadence-column10458_faa600-28 > .kt-inside-inner-col{flex-direction:column;}}@media all and (max-width: 767px){.kadence-column10458_faa600-28 > .kt-inside-inner-col{flex-direction:column;}}<\/style>\n<div class=\"wp-block-kadence-column kadence-column10458_faa600-28\"><div class=\"kt-inside-inner-col\"><\/div><\/div>\n\n<\/div><\/div>\n\n\n<div style=\"height:28px\" aria-hidden=\"true\" class=\"wp-block-spacer\"><\/div>\n\n\n<style>.kb-row-layout-id10458_747cf0-dc > .kt-row-column-wrap{align-content:start;}:where(.kb-row-layout-id10458_747cf0-dc > .kt-row-column-wrap) > .wp-block-kadence-column{justify-content:start;}.kb-row-layout-id10458_747cf0-dc > .kt-row-column-wrap{column-gap:var(--global-kb-gap-md, 2rem);row-gap:var(--global-kb-gap-md, 2rem);padding-top:var(--global-kb-spacing-xxl, 5rem);padding-bottom:var(--global-kb-spacing-xxs, 0.5rem);grid-template-columns:minmax(0, 1fr);}.kb-row-layout-id10458_747cf0-dc{background-color:#fafafa;}.kb-row-layout-id10458_747cf0-dc > .kt-row-layout-overlay{opacity:0.30;}@media all and (max-width: 1024px){.kb-row-layout-id10458_747cf0-dc > .kt-row-column-wrap{grid-template-columns:minmax(0, 1fr);}}@media all and (max-width: 767px){.kb-row-layout-id10458_747cf0-dc > .kt-row-column-wrap{grid-template-columns:minmax(0, 1fr);}}<\/style><div class=\"kb-row-layout-wrap kb-row-layout-id10458_747cf0-dc alignfull kt-row-has-bg wp-block-kadence-rowlayout\"><div class=\"kt-row-column-wrap kt-has-1-columns kt-row-layout-equal kt-tab-layout-inherit kt-mobile-layout-row kt-row-valign-top\">\n<style>.kadence-column10458_db37ff-6b > .kt-inside-inner-col,.kadence-column10458_db37ff-6b > .kt-inside-inner-col:before{border-top-left-radius:0px;border-top-right-radius:0px;border-bottom-right-radius:0px;border-bottom-left-radius:0px;}.kadence-column10458_db37ff-6b > .kt-inside-inner-col{column-gap:var(--global-kb-gap-sm, 1rem);}.kadence-column10458_db37ff-6b > .kt-inside-inner-col{flex-direction:column;}.kadence-column10458_db37ff-6b > .kt-inside-inner-col > .aligncenter{width:100%;}.kadence-column10458_db37ff-6b > .kt-inside-inner-col:before{opacity:0.3;}.kadence-column10458_db37ff-6b{position:relative;}@media all and (max-width: 1024px){.kadence-column10458_db37ff-6b > .kt-inside-inner-col{flex-direction:column;}}@media all and (max-width: 767px){.kadence-column10458_db37ff-6b > .kt-inside-inner-col{flex-direction:column;}}<\/style>\n<div class=\"wp-block-kadence-column kadence-column10458_db37ff-6b\"><div class=\"kt-inside-inner-col\"><div class=\"yoast-breadcrumbs\"><span><span><a href=\"https:\/\/garantigruppen.com\/no\/\">Hjem<\/a><\/span> \/ <span class=\"breadcrumb_last\" aria-current=\"page\">Ta ut en garanti - UTVIKLING<\/span><\/span><\/div><\/div><\/div>\n\n<\/div><\/div>\n\n<style>.kb-row-layout-id10458_578518-d1 > .kt-row-column-wrap{align-content:start;}:where(.kb-row-layout-id10458_578518-d1 > .kt-row-column-wrap) > .wp-block-kadence-column{justify-content:start;}.kb-row-layout-id10458_578518-d1 > .kt-row-column-wrap{column-gap:var(--global-kb-gap-none, 0rem );row-gap:var(--global-kb-gap-none, 0rem );min-height:900px;grid-template-columns:minmax(0, calc(65% - ((var(--global-kb-gap-none, 0rem ) * 1 )\/2)))minmax(0, calc(35% - ((var(--global-kb-gap-none, 0rem ) * 1 )\/2)));}.kb-row-layout-id10458_578518-d1 > .kt-row-layout-overlay{opacity:0.30;}@media all and (max-width: 1024px){.kb-row-layout-id10458_578518-d1 > .kt-row-column-wrap{grid-template-columns:repeat(2, minmax(0, 1fr));}}@media all and (max-width: 767px){.kb-row-layout-id10458_578518-d1 > .kt-row-column-wrap{grid-template-columns:minmax(0, 1fr);}}<\/style><div class=\"kb-row-layout-wrap kb-row-layout-id10458_578518-d1 alignfull wp-block-kadence-rowlayout\"><div class=\"kt-row-column-wrap kt-has-2-columns kt-row-layout-equal kt-tab-layout-inherit kt-mobile-layout-row kt-row-valign-top kt-inner-column-height-full\">\n<style>.kadence-column10458_4b81a6-43 > .kt-inside-inner-col{display:flex;}.kadence-column10458_4b81a6-43 > .kt-inside-inner-col{padding-top:var(--global-kb-spacing-md, 2rem);padding-right:var(--global-kb-spacing-lg, 3rem);padding-left:var(--global-kb-spacing-md, 2rem);}.kadence-column10458_4b81a6-43 > .kt-inside-inner-col,.kadence-column10458_4b81a6-43 > .kt-inside-inner-col:before{border-top-left-radius:0px;border-top-right-radius:0px;border-bottom-right-radius:0px;border-bottom-left-radius:0px;}.kadence-column10458_4b81a6-43 > .kt-inside-inner-col{row-gap:var(--global-kb-gap-none, 0rem );column-gap:var(--global-kb-gap-sm, 1rem);}.kadence-column10458_4b81a6-43 > .kt-inside-inner-col{flex-direction:column;justify-content:center;}.kadence-column10458_4b81a6-43 > .kt-inside-inner-col > .aligncenter{width:100%;}.kt-row-column-wrap > .kadence-column10458_4b81a6-43{align-self:center;}.kt-inner-column-height-full:not(.kt-has-1-columns) > .wp-block-kadence-column.kadence-column10458_4b81a6-43{align-self:auto;}.kt-inner-column-height-full:not(.kt-has-1-columns) > .wp-block-kadence-column.kadence-column10458_4b81a6-43 > .kt-inside-inner-col{flex-direction:column;justify-content:center;}.kadence-column10458_4b81a6-43 > .kt-inside-inner-col:before{opacity:0.3;}.kadence-column10458_4b81a6-43{position:relative;}@media all and (max-width: 1024px){.kt-row-column-wrap > .kadence-column10458_4b81a6-43{align-self:center;}}@media all and (max-width: 1024px){.kt-inner-column-height-full:not(.kt-has-1-columns) > .wp-block-kadence-column.kadence-column10458_4b81a6-43{align-self:auto;}}@media all and (max-width: 1024px){.kt-inner-column-height-full:not(.kt-has-1-columns) > .wp-block-kadence-column.kadence-column10458_4b81a6-43 > .kt-inside-inner-col{flex-direction:column;justify-content:center;}}@media all and (max-width: 1024px){.kadence-column10458_4b81a6-43 > .kt-inside-inner-col{flex-direction:column;}}@media all and (max-width: 767px){.kt-row-column-wrap > .kadence-column10458_4b81a6-43{align-self:center;}.kt-inner-column-height-full:not(.kt-has-1-columns) > .wp-block-kadence-column.kadence-column10458_4b81a6-43{align-self:auto;}.kt-inner-column-height-full:not(.kt-has-1-columns) > .wp-block-kadence-column.kadence-column10458_4b81a6-43 > .kt-inside-inner-col{flex-direction:column;justify-content:center;}.kadence-column10458_4b81a6-43 > .kt-inside-inner-col{flex-direction:column;}}<\/style>\n<div class=\"wp-block-kadence-column kadence-column10458_4b81a6-43\"><div class=\"kt-inside-inner-col\">\n<h2 class=\"nm-block-heading wp-block-heading\" style=\"font-size:40px\">Ta ut en garanti <strong>som forhandler<\/strong><\/h2>\n\n\n\n<p>Tegn en garanti i tre enkle trinn. N\u00e5r du har valgt garanti, klikker du p\u00e5 \"Neste trinn\" for \u00e5 fullf\u00f8re tegningen. <\/p>\n\n\n<style>.kb-row-layout-id10458_af2f15-a2 > .kt-row-column-wrap{align-content:start;}:where(.kb-row-layout-id10458_af2f15-a2 > .kt-row-column-wrap) > .wp-block-kadence-column{justify-content:start;}.kb-row-layout-id10458_af2f15-a2 > .kt-row-column-wrap{column-gap:var(--global-kb-gap-md, 2rem);row-gap:var(--global-kb-gap-md, 2rem);padding-bottom:var(--global-kb-spacing-sm, 1.5rem);grid-template-columns:minmax(0, 1fr);}.kb-row-layout-id10458_af2f15-a2 > .kt-row-layout-overlay{opacity:0.30;}@media all and (max-width: 1024px){.kb-row-layout-id10458_af2f15-a2 > .kt-row-column-wrap{grid-template-columns:minmax(0, 1fr);}}@media all and (max-width: 767px){.kb-row-layout-id10458_af2f15-a2 > .kt-row-column-wrap{grid-template-columns:minmax(0, 1fr);}}<\/style><div class=\"kb-row-layout-wrap kb-row-layout-id10458_af2f15-a2 alignnone reg-nummer-form wp-block-kadence-rowlayout\"><div class=\"kt-row-column-wrap kt-has-1-columns kt-row-layout-equal kt-tab-layout-inherit kt-mobile-layout-row kt-row-valign-top\">\n<style>.kadence-column10458_bd9a45-bd > .kt-inside-inner-col,.kadence-column10458_bd9a45-bd > .kt-inside-inner-col:before{border-top-left-radius:0px;border-top-right-radius:0px;border-bottom-right-radius:0px;border-bottom-left-radius:0px;}.kadence-column10458_bd9a45-bd > .kt-inside-inner-col{column-gap:var(--global-kb-gap-sm, 1rem);}.kadence-column10458_bd9a45-bd > .kt-inside-inner-col{flex-direction:column;}.kadence-column10458_bd9a45-bd > .kt-inside-inner-col > .aligncenter{width:100%;}.kadence-column10458_bd9a45-bd > .kt-inside-inner-col:before{opacity:0.3;}.kadence-column10458_bd9a45-bd{position:relative;}@media all and (max-width: 1024px){.kadence-column10458_bd9a45-bd > .kt-inside-inner-col{flex-direction:column;}}@media all and (max-width: 767px){.kadence-column10458_bd9a45-bd > .kt-inside-inner-col{flex-direction:column;}}<\/style>\n<div class=\"wp-block-kadence-column kadence-column10458_bd9a45-bd\"><div class=\"kt-inside-inner-col\">\n<h2 class=\"nm-block-heading wp-block-heading form-title-gg\">1. Fyll inn kundens bilopplysninger<\/h2>\n\n\n\n<script>\nfunction redirect(){       \n       window.location.href=\"https:\/\/garantigruppen.com\/teckna-garanti-development\/?regno=\" + document.getElementById(\"urlInput\").value;              \n    }\n<\/script>\n\n<form id=\"my-form\" clas=\"hideif\" onsubmit=\"redirect(); return false\" class=\"w3-center w3-padding-16\" method=\"get\" action=\"\" data-trp-original-action=\"\" >\n        <input id=\"urlInput\" type=\"search\" name=\"q\" placeholder=\"For eksempel MLB001\" autofocus required>\n        <input type=\"submit\" value=\"Hent data\">         \n        <input type=\"hidden\" name=\"trp-form-language\" value=\"no\"\/><\/form>\n<\/div><\/div>\n\n<\/div><\/div>\n\n\n<div class=\"wp-block-contact-form-7-contact-form-selector\">[contact-form-7 id=\"f004c27\u2033 title=\"Teckna-garanti - Smort UTVIKLING\" html_class=\"skjema-med-tilpassede-avkrysningsbokser-radioer\"]<\/div>\n\n\n\n<p><\/p>\n<\/div><\/div>\n\n\n<style>.kadence-column10458_670136-88 > .kt-inside-inner-col{display:flex;}.kadence-column10458_670136-88 > .kt-inside-inner-col{padding-bottom:var(--global-kb-spacing-lg, 3rem);padding-left:var(--global-kb-spacing-md, 2rem);}.kadence-column10458_670136-88 > .kt-inside-inner-col{min-height:1000px;}.kadence-column10458_670136-88 > .kt-inside-inner-col,.kadence-column10458_670136-88 > .kt-inside-inner-col:before{border-top-left-radius:30px;border-top-right-radius:0px;border-bottom-right-radius:0px;border-bottom-left-radius:30px;}.kadence-column10458_670136-88 > .kt-inside-inner-col{column-gap:var(--global-kb-gap-sm, 1rem);}.kadence-column10458_670136-88 > .kt-inside-inner-col{flex-direction:column;justify-content:flex-end;}.kadence-column10458_670136-88 > .kt-inside-inner-col > .aligncenter{width:100%;}.kt-row-column-wrap > .kadence-column10458_670136-88{align-self:flex-end;}.kt-inner-column-height-full:not(.kt-has-1-columns) > .wp-block-kadence-column.kadence-column10458_670136-88{align-self:auto;}.kt-inner-column-height-full:not(.kt-has-1-columns) > .wp-block-kadence-column.kadence-column10458_670136-88 > .kt-inside-inner-col{flex-direction:column;justify-content:flex-end;}.kadence-column10458_670136-88 > .kt-inside-inner-col{background-image:url('https:\/\/garantigruppen.com\/wp-content\/uploads\/2023\/05\/couple-sitting-resting-beach-summer-day-near-river-love-happy-family-vacation-travel-summer-concept.jpg');background-size:cover;background-position:center center;background-attachment:scroll;background-repeat:no-repeat;}.kadence-column10458_670136-88 > .kt-inside-inner-col:before{opacity:0.3;}.kadence-column10458_670136-88{position:relative;}@media all and (max-width: 1024px){.kt-row-column-wrap > .kadence-column10458_670136-88{align-self:flex-end;}}@media all and (max-width: 1024px){.kt-inner-column-height-full:not(.kt-has-1-columns) > .wp-block-kadence-column.kadence-column10458_670136-88{align-self:auto;}}@media all and (max-width: 1024px){.kt-inner-column-height-full:not(.kt-has-1-columns) > .wp-block-kadence-column.kadence-column10458_670136-88 > .kt-inside-inner-col{flex-direction:column;justify-content:flex-end;}}@media all and (max-width: 1024px){.kadence-column10458_670136-88 > .kt-inside-inner-col{flex-direction:column;}}@media all and (max-width: 767px){.kt-row-column-wrap > .kadence-column10458_670136-88{align-self:flex-end;}.kt-inner-column-height-full:not(.kt-has-1-columns) > .wp-block-kadence-column.kadence-column10458_670136-88{align-self:auto;}.kt-inner-column-height-full:not(.kt-has-1-columns) > .wp-block-kadence-column.kadence-column10458_670136-88 > .kt-inside-inner-col{flex-direction:column;justify-content:flex-end;}.kadence-column10458_670136-88 > .kt-inside-inner-col{flex-direction:column;}}<\/style>\n<div class=\"wp-block-kadence-column kadence-column10458_670136-88\"><div class=\"kt-inside-inner-col\">\n<p class=\"has-white-color has-text-color has-link-color wp-elements-e2245124ade926993c5cc6e80d4e9ee2\" style=\"font-size:50px\">Din sikkerhet<br>V\u00e5r garanti<\/p>\n<\/div><\/div>\n\n<\/div><\/div>\n\n<style>.kb-row-layout-id10458_cca76b-14 > .kt-row-column-wrap{align-content:start;}:where(.kb-row-layout-id10458_cca76b-14 > .kt-row-column-wrap) > .wp-block-kadence-column{justify-content:start;}.kb-row-layout-id10458_cca76b-14 > .kt-row-column-wrap{column-gap:var(--global-kb-gap-md, 2rem);row-gap:var(--global-kb-gap-md, 2rem);max-width:1200px;margin-left:auto;margin-right:auto;padding-top:var(--global-kb-spacing-3xl, 6.5rem);padding-bottom:var(--global-kb-spacing-4xl, 8rem);grid-template-columns:minmax(0, 1fr);}.kb-row-layout-id10458_cca76b-14{background-color:#f9f9f9;}.kb-row-layout-id10458_cca76b-14 > .kt-row-layout-overlay{opacity:0.30;}@media all and (max-width: 1024px){.kb-row-layout-id10458_cca76b-14 > .kt-row-column-wrap{grid-template-columns:minmax(0, 1fr);}}@media all and (max-width: 767px){.kb-row-layout-id10458_cca76b-14 > .kt-row-column-wrap{grid-template-columns:minmax(0, 1fr);}}<\/style><div class=\"kb-row-layout-wrap kb-row-layout-id10458_cca76b-14 alignfull kt-row-has-bg wp-block-kadence-rowlayout\"><div class=\"kt-row-column-wrap kt-has-1-columns kt-row-layout-equal kt-tab-layout-inherit kt-mobile-layout-row kt-row-valign-top\">\n<style>.kadence-column10458_5795e1-d3 > .kt-inside-inner-col,.kadence-column10458_5795e1-d3 > .kt-inside-inner-col:before{border-top-left-radius:0px;border-top-right-radius:0px;border-bottom-right-radius:0px;border-bottom-left-radius:0px;}.kadence-column10458_5795e1-d3 > .kt-inside-inner-col{column-gap:var(--global-kb-gap-sm, 1rem);}.kadence-column10458_5795e1-d3 > .kt-inside-inner-col{flex-direction:column;}.kadence-column10458_5795e1-d3 > .kt-inside-inner-col > .aligncenter{width:100%;}.kadence-column10458_5795e1-d3 > .kt-inside-inner-col:before{opacity:0.3;}.kadence-column10458_5795e1-d3{position:relative;}@media all and (max-width: 1024px){.kadence-column10458_5795e1-d3 > .kt-inside-inner-col{flex-direction:column;}}@media all and (max-width: 767px){.kadence-column10458_5795e1-d3 > .kt-inside-inner-col{flex-direction:column;}}<\/style>\n<div class=\"wp-block-kadence-column kadence-column10458_5795e1-d3\"><div class=\"kt-inside-inner-col\">\n<h2 class=\"nm-block-heading wp-block-heading has-text-align-center main-heading-gg\" style=\"font-size:50px\">Ta ut en garanti for 3<br>enkle trinn<\/h2>\n\n\n\n<div style=\"height:25px\" aria-hidden=\"true\" class=\"wp-block-spacer\"><\/div>\n\n\n\n<div class=\"wp-block-qi-blocks-process qodef-block-container qodef-block-00a98b63\"><div class=\"qi-block-process qodef-block qodef-m qodef-gutenberg-section qodef--columns qodef-col-num--3 qodef-responsive--custom qodef-col-num--1440--3 qodef-col-num--1366--3 qodef-col-num--1024--1 qodef-col-num--768--1 qodef-col-num--680--1 qodef-col-num--480--1 qodef--has-appear qodef-item-layout--horizontal\"><div class=\"qodef-gutenberg-row\"><div class=\"qodef-e qodef-gutenberg-column qodef-process-item\"><div class=\"qodef-e-inner\"><div class=\"qodef-e-content\"><div class=\"qodef-e-icon-holder\"><div class=\"qodef-e-icon\"><span class=\"qodef-e-item-icon-text\">1.<\/span><\/div><div class=\"qodef-e-line\"><div class=\"qodef-e-line-inner\"><\/div><\/div><\/div><div class=\"qodef-e-text-wrapper\"><h4 class=\"qodef-e-title\">Velg garantien.<\/h4><p class=\"qodef-e-text\">Velg garantien du \u00f8nsker \u00e5 ta ut fra nedtrekkslisten over garantier. <\/p><\/div><\/div><\/div><\/div><div class=\"qodef-e qodef-gutenberg-column qodef-process-item\"><div class=\"qodef-e-inner\"><div class=\"qodef-e-content\"><div class=\"qodef-e-icon-holder\"><div class=\"qodef-e-icon\"><span class=\"qodef-e-item-icon-text\">2.<\/span><\/div><div class=\"qodef-e-line\"><div class=\"qodef-e-line-inner\"><\/div><\/div><\/div><div class=\"qodef-e-text-wrapper\"><h4 class=\"qodef-e-title\">Fyll inn kundens registreringsnummer.<\/h4><p class=\"qodef-e-text\">Fyll inn kundens registreringsnummer og trykk p\u00e5 \"hent\", s\u00e5 hentes kundens data automatisk.<\/p><\/div><\/div><\/div><\/div><div class=\"qodef-e qodef-gutenberg-column qodef-process-item\"><div class=\"qodef-e-inner\"><div class=\"qodef-e-content\"><div class=\"qodef-e-icon-holder\"><div class=\"qodef-e-icon\"><span class=\"qodef-e-item-icon-text\">3.<\/span><\/div><div class=\"qodef-e-line\"><div class=\"qodef-e-line-inner\"><\/div><\/div><\/div><div class=\"qodef-e-text-wrapper\"><h4 class=\"qodef-e-title\">Selvsagt!<\/h4><p class=\"qodef-e-text\">Trykk p\u00e5 \"signer garanti\", garantien opprettes og kunden mottar umiddelbart en e-post med bekreftelse og garantibrev.<\/p><\/div><\/div><\/div><\/div><\/div><\/div><\/div>\n<\/div><\/div>\n\n<\/div><\/div>","protected":false},"excerpt":{"rendered":"<p>Teckna garanti som \u00e5terf\u00f6rs\u00e4ljare Teckna garanti i tre enkla steg, n\u00e4r du valt din garanti klicka p\u00e5 &#8220;n\u00e4sta steg&#8221; f\u00f6r att slutf\u00f6ra tecknandet. 1. Fyll i kundens biluppgifter Din trygghetV\u00e5r garanti Teckna en garanti i 3enkla steg<\/p>","protected":false},"author":367,"featured_media":0,"parent":0,"menu_order":0,"comment_status":"closed","ping_status":"closed","template":"","meta":{"_acf_changed":false,"_kad_blocks_custom_css":"","_kad_blocks_head_custom_js":"","_kad_blocks_body_custom_js":"","_kad_blocks_footer_custom_js":"","_monsterinsights_skip_tracking":false,"_monsterinsights_sitenote_active":false,"_monsterinsights_sitenote_note":"","_monsterinsights_sitenote_category":0,"footnotes":""},"class_list":["post-10458","page","type-page","status-publish","hentry"],"acf":[],"yoast_head":"<!-- This site is optimized with the Yoast SEO plugin v23.7 - https:\/\/yoast.com\/wordpress\/plugins\/seo\/ -->\n<title>Teckna garanti - DEVELOPMENT - Garantigruppen<\/title>\n<meta name=\"robots\" content=\"index, follow, max-snippet:-1, max-image-preview:large, max-video-preview:-1\" \/>\n<link rel=\"canonical\" href=\"https:\/\/garantigruppen.com\/no\/teckna-garanti-development\/\" \/>\n<meta property=\"og:locale\" content=\"nb_NO\" \/>\n<meta property=\"og:type\" content=\"article\" \/>\n<meta property=\"og:title\" content=\"Teckna garanti - DEVELOPMENT - Garantigruppen\" \/>\n<meta property=\"og:description\" content=\"Teckna garanti som \u00e5terf\u00f6rs\u00e4ljare Teckna garanti i tre enkla steg, n\u00e4r du valt din garanti klicka p\u00e5 &#8220;n\u00e4sta steg&#8221; f\u00f6r att slutf\u00f6ra tecknandet. 1. Fyll i kundens biluppgifter Din trygghetV\u00e5r garanti Teckna en garanti i 3enkla steg\" \/>\n<meta property=\"og:url\" content=\"https:\/\/garantigruppen.com\/no\/teckna-garanti-development\/\" \/>\n<meta property=\"og:site_name\" content=\"Garantigruppen\" \/>\n<meta property=\"article:modified_time\" content=\"2024-05-22T09:29:09+00:00\" \/>\n<meta name=\"twitter:card\" content=\"summary_large_image\" \/>\n<meta name=\"twitter:label1\" content=\"Est. reading time\" \/>\n\t<meta name=\"twitter:data1\" content=\"1 minute\" \/>\n<script type=\"application\/ld+json\" class=\"yoast-schema-graph\">{\"@context\":\"https:\/\/schema.org\",\"@graph\":[{\"@type\":\"WebPage\",\"@id\":\"https:\/\/garantigruppen.com\/teckna-garanti-development\/\",\"url\":\"https:\/\/garantigruppen.com\/teckna-garanti-development\/\",\"name\":\"Teckna garanti - DEVELOPMENT - Garantigruppen\",\"isPartOf\":{\"@id\":\"https:\/\/garantigruppen.com\/#website\"},\"datePublished\":\"2024-05-22T09:28:50+00:00\",\"dateModified\":\"2024-05-22T09:29:09+00:00\",\"breadcrumb\":{\"@id\":\"https:\/\/garantigruppen.com\/teckna-garanti-development\/#breadcrumb\"},\"inLanguage\":\"nb-NO\",\"potentialAction\":[{\"@type\":\"ReadAction\",\"target\":[\"https:\/\/garantigruppen.com\/teckna-garanti-development\/\"]}]},{\"@type\":\"BreadcrumbList\",\"@id\":\"https:\/\/garantigruppen.com\/teckna-garanti-development\/#breadcrumb\",\"itemListElement\":[{\"@type\":\"ListItem\",\"position\":1,\"name\":\"Hem\",\"item\":\"https:\/\/garantigruppen.com\/\"},{\"@type\":\"ListItem\",\"position\":2,\"name\":\"Teckna garanti &#8211; DEVELOPMENT\"}]},{\"@type\":\"WebSite\",\"@id\":\"https:\/\/garantigruppen.com\/#website\",\"url\":\"https:\/\/garantigruppen.com\/\",\"name\":\"Garantigruppen\",\"description\":\"Din trygghet, v\u00e5r garanti.\",\"potentialAction\":[{\"@type\":\"SearchAction\",\"target\":{\"@type\":\"EntryPoint\",\"urlTemplate\":\"https:\/\/garantigruppen.com\/?s={search_term_string}\"},\"query-input\":{\"@type\":\"PropertyValueSpecification\",\"valueRequired\":true,\"valueName\":\"search_term_string\"}}],\"inLanguage\":\"nb-NO\"}]}<\/script>\n<!-- \/ Yoast SEO plugin. -->","yoast_head_json":{"title":"Teckna garanti - DEVELOPMENT - Garantigruppen","robots":{"index":"index","follow":"follow","max-snippet":"max-snippet:-1","max-image-preview":"max-image-preview:large","max-video-preview":"max-video-preview:-1"},"canonical":"https:\/\/garantigruppen.com\/no\/teckna-garanti-development\/","og_locale":"nb_NO","og_type":"article","og_title":"Teckna garanti - DEVELOPMENT - Garantigruppen","og_description":"Teckna garanti som \u00e5terf\u00f6rs\u00e4ljare Teckna garanti i tre enkla steg, n\u00e4r du valt din garanti klicka p\u00e5 &#8220;n\u00e4sta steg&#8221; f\u00f6r att slutf\u00f6ra tecknandet. 1. Fyll i kundens biluppgifter Din trygghetV\u00e5r garanti Teckna en garanti i 3enkla steg","og_url":"https:\/\/garantigruppen.com\/no\/teckna-garanti-development\/","og_site_name":"Garantigruppen","article_modified_time":"2024-05-22T09:29:09+00:00","twitter_card":"summary_large_image","twitter_misc":{"Est. reading time":"1 minute"},"schema":{"@context":"https:\/\/schema.org","@graph":[{"@type":"WebPage","@id":"https:\/\/garantigruppen.com\/teckna-garanti-development\/","url":"https:\/\/garantigruppen.com\/teckna-garanti-development\/","name":"Teckna garanti - DEVELOPMENT - Garantigruppen","isPartOf":{"@id":"https:\/\/garantigruppen.com\/#website"},"datePublished":"2024-05-22T09:28:50+00:00","dateModified":"2024-05-22T09:29:09+00:00","breadcrumb":{"@id":"https:\/\/garantigruppen.com\/teckna-garanti-development\/#breadcrumb"},"inLanguage":"nb-NO","potentialAction":[{"@type":"ReadAction","target":["https:\/\/garantigruppen.com\/teckna-garanti-development\/"]}]},{"@type":"BreadcrumbList","@id":"https:\/\/garantigruppen.com\/teckna-garanti-development\/#breadcrumb","itemListElement":[{"@type":"ListItem","position":1,"name":"Hem","item":"https:\/\/garantigruppen.com\/"},{"@type":"ListItem","position":2,"name":"Teckna garanti &#8211; DEVELOPMENT"}]},{"@type":"WebSite","@id":"https:\/\/garantigruppen.com\/#website","url":"https:\/\/garantigruppen.com\/","name":"Garantigruppen","description":"Din trygghet, v\u00e5r garanti.","potentialAction":[{"@type":"SearchAction","target":{"@type":"EntryPoint","urlTemplate":"https:\/\/garantigruppen.com\/?s={search_term_string}"},"query-input":{"@type":"PropertyValueSpecification","valueRequired":true,"valueName":"search_term_string"}}],"inLanguage":"nb-NO"}]}},"taxonomy_info":[],"featured_image_src_large":false,"author_info":{"display_name":"smort-testkonto","author_link":"https:\/\/garantigruppen.com\/no\/author\/smort-testkonto\/"},"comment_info":0,"_links":{"self":[{"href":"https:\/\/garantigruppen.com\/no\/wp-json\/wp\/v2\/pages\/10458","targetHints":{"allow":["GET"]}}],"collection":[{"href":"https:\/\/garantigruppen.com\/no\/wp-json\/wp\/v2\/pages"}],"about":[{"href":"https:\/\/garantigruppen.com\/no\/wp-json\/wp\/v2\/types\/page"}],"author":[{"embeddable":true,"href":"https:\/\/garantigruppen.com\/no\/wp-json\/wp\/v2\/users\/367"}],"replies":[{"embeddable":true,"href":"https:\/\/garantigruppen.com\/no\/wp-json\/wp\/v2\/comments?post=10458"}],"version-history":[{"count":6,"href":"https:\/\/garantigruppen.com\/no\/wp-json\/wp\/v2\/pages\/10458\/revisions"}],"predecessor-version":[{"id":10464,"href":"https:\/\/garantigruppen.com\/no\/wp-json\/wp\/v2\/pages\/10458\/revisions\/10464"}],"wp:attachment":[{"href":"https:\/\/garantigruppen.com\/no\/wp-json\/wp\/v2\/media?parent=10458"}],"curies":[{"name":"wp","href":"https:\/\/api.w.org\/{rel}","templated":true}]}}