{"id":7750,"date":"2024-05-17T14:48:11","date_gmt":"2024-05-17T12:48:11","guid":{"rendered":"https:\/\/garantigruppen.com\/?page_id=7750"},"modified":"2025-06-02T22:46:42","modified_gmt":"2025-06-02T21:46:42","slug":"reservdelar","status":"publish","type":"page","link":"https:\/\/garantigruppen.com\/dk\/reservdelar\/","title":{"rendered":"Reservedele"},"content":{"rendered":"<style>.kb-row-layout-id7750_969cc5-49 > .kt-row-column-wrap{align-content:center;}:where(.kb-row-layout-id7750_969cc5-49 > .kt-row-column-wrap) > .wp-block-kadence-column{justify-content:center;}.kb-row-layout-id7750_969cc5-49 > .kt-row-column-wrap{column-gap:var(--global-kb-gap-md, 2rem);row-gap:var(--global-kb-gap-md, 2rem);padding-top:var(--global-kb-spacing-5xl, 10rem);padding-right:0px;padding-bottom:var(--global-kb-spacing-4xl, 8rem);padding-left:0px;min-height:350px;grid-template-columns:minmax(0, 1fr);}.kb-row-layout-id7750_969cc5-49{background-color:#000000;background-image:url('https:\/\/garantigruppen.com\/wp-content\/uploads\/golden-hour-kitimat-1-scaled.jpg');background-size:cover;background-position:41% 48%;background-attachment:scroll;background-repeat:no-repeat;}.kb-row-layout-id7750_969cc5-49 > .kt-row-layout-overlay{opacity:0.21;background:linear-gradient(135deg,rgb(0,0,0) 0%,rgba(0,0,0,0) 100%);}.kb-row-layout-id7750_969cc5-49{z-index:2;position:relative;}@media all and (max-width: 1024px){.kb-row-layout-id7750_969cc5-49 > .kt-row-column-wrap{grid-template-columns:minmax(0, 1fr);}}@media all and (max-width: 767px){.kb-row-layout-id7750_969cc5-49 > .kt-row-column-wrap{padding-top:0px;padding-bottom:var(--global-kb-spacing-xs, 1rem);grid-template-columns:minmax(0, 1fr);}.kb-row-layout-id7750_969cc5-49 > .kt-row-layout-overlay{opacity:0.14;}}<\/style><div class=\"kb-row-layout-wrap kb-row-layout-id7750_969cc5-49 alignfull kt-row-has-bg wp-block-kadence-rowlayout\"><div class=\"kt-row-layout-overlay kt-row-overlay-gradient\"><\/div><div class=\"kt-row-column-wrap kt-has-1-columns kt-row-layout-equal kt-tab-layout-inherit kt-mobile-layout-row kt-row-valign-middle\">\n<style>.kadence-column7750_4f7b9c-50 > .kt-inside-inner-col,.kadence-column7750_4f7b9c-50 > .kt-inside-inner-col:before{border-top-left-radius:0px;border-top-right-radius:0px;border-bottom-right-radius:0px;border-bottom-left-radius:0px;}.kadence-column7750_4f7b9c-50 > .kt-inside-inner-col{column-gap:var(--global-kb-gap-sm, 1rem);}.kadence-column7750_4f7b9c-50 > .kt-inside-inner-col{flex-direction:column;}.kadence-column7750_4f7b9c-50 > .kt-inside-inner-col > .aligncenter{width:100%;}.kadence-column7750_4f7b9c-50 > .kt-inside-inner-col:before{opacity:0.3;}.kadence-column7750_4f7b9c-50{text-align:center;}.kadence-column7750_4f7b9c-50{position:relative;}@media all and (max-width: 1024px){.kadence-column7750_4f7b9c-50 > .kt-inside-inner-col{flex-direction:column;}}@media all and (max-width: 767px){.kadence-column7750_4f7b9c-50 > .kt-inside-inner-col{flex-direction:column;}}<\/style>\n<div class=\"wp-block-kadence-column kadence-column7750_4f7b9c-50\" data-aos=\"fade-up\"><div class=\"kt-inside-inner-col\"><style>.kb-row-layout-id7750_0fb3d4-78 > .kt-row-column-wrap{align-content:start;}:where(.kb-row-layout-id7750_0fb3d4-78 > .kt-row-column-wrap) > .wp-block-kadence-column{justify-content:start;}.kb-row-layout-id7750_0fb3d4-78 > .kt-row-column-wrap{column-gap:var(--global-kb-gap-md, 2rem);row-gap:var(--global-kb-gap-md, 2rem);max-width:90vw;margin-left:auto;margin-right:auto;padding-top:var(--global-kb-spacing-sm, 1.5rem);padding-bottom:var(--global-kb-spacing-sm, 1.5rem);grid-template-columns:minmax(0, 1fr);}.kb-row-layout-id7750_0fb3d4-78 > .kt-row-layout-overlay{opacity:0.30;}@media all and (max-width: 1024px){.kb-row-layout-id7750_0fb3d4-78 > .kt-row-column-wrap{grid-template-columns:minmax(0, 1fr);}}@media all and (max-width: 767px){.kb-row-layout-id7750_0fb3d4-78 > .kt-row-column-wrap{grid-template-columns:minmax(0, 1fr);}}<\/style><div class=\"kb-row-layout-wrap kb-row-layout-id7750_0fb3d4-78 alignnone wp-block-kadence-rowlayout\"><div class=\"kt-row-column-wrap kt-has-1-columns kt-row-layout-equal kt-tab-layout-inherit kt-mobile-layout-row kt-row-valign-top\">\n<style>.kadence-column7750_2fbdd9-f5 > .kt-inside-inner-col{display:flex;}.kadence-column7750_2fbdd9-f5 > .kt-inside-inner-col,.kadence-column7750_2fbdd9-f5 > .kt-inside-inner-col:before{border-top-left-radius:0px;border-top-right-radius:0px;border-bottom-right-radius:0px;border-bottom-left-radius:0px;}.kadence-column7750_2fbdd9-f5 > .kt-inside-inner-col{column-gap:var(--global-kb-gap-sm, 1rem);}.kadence-column7750_2fbdd9-f5 > .kt-inside-inner-col{flex-direction:column;align-items:center;}.kadence-column7750_2fbdd9-f5 > .kt-inside-inner-col > .kb-image-is-ratio-size{align-self:stretch;}.kadence-column7750_2fbdd9-f5 > .kt-inside-inner-col > .wp-block-kadence-advancedgallery{align-self:stretch;}.kadence-column7750_2fbdd9-f5 > .kt-inside-inner-col > .aligncenter{width:100%;}.kadence-column7750_2fbdd9-f5 > .kt-inside-inner-col:before{opacity:0.3;}.kadence-column7750_2fbdd9-f5{position:relative;}@media all and (max-width: 1024px){.kadence-column7750_2fbdd9-f5 > .kt-inside-inner-col{flex-direction:column;align-items:center;}}@media all and (max-width: 767px){.kadence-column7750_2fbdd9-f5 > .kt-inside-inner-col{flex-direction:column;align-items:center;}}<\/style>\n<div class=\"wp-block-kadence-column kadence-column7750_2fbdd9-f5\"><div class=\"kt-inside-inner-col\">\n<h2 class=\"wp-block-heading has-text-align-center hero-title-gg has-white-color has-text-color has-link-color wp-elements-e181e8c7c2cbc110b17d456c262435d4\">Reservedele<\/h2>\n\n\n\n<p class=\"has-text-align-center has-white-color has-text-color\">I takt med at vi vokser, vil vi gerne kunne hj\u00e6lpe vores kunder og partnere med endnu et forretningsomr\u00e5de.<\/p>\n<\/div><\/div>\n\n<\/div><\/div><\/div><\/div>\n\n<\/div><\/div>\n\n<style>.kb-row-layout-id7750_f602b0-bb > .kt-row-column-wrap{align-content:start;}:where(.kb-row-layout-id7750_f602b0-bb > .kt-row-column-wrap) > .wp-block-kadence-column{justify-content:start;}.kb-row-layout-id7750_f602b0-bb > .kt-row-column-wrap{column-gap:var(--global-kb-gap-md, 2rem);row-gap:var(--global-kb-gap-md, 2rem);max-width:95vw;margin-left:auto;margin-right:auto;padding-top:var(--global-kb-spacing-md, 2rem);padding-bottom:var(--global-kb-spacing-xl, 4rem);grid-template-columns:minmax(0, calc(50% - ((var(--global-kb-gap-md, 2rem) * 1 )\/2)))minmax(0, calc(50% - ((var(--global-kb-gap-md, 2rem) * 1 )\/2)));}.kb-row-layout-id7750_f602b0-bb > .kt-row-layout-overlay{opacity:0.30;}@media all and (max-width: 1024px){.kb-row-layout-id7750_f602b0-bb > .kt-row-column-wrap{grid-template-columns:repeat(2, minmax(0, 1fr));}}@media all and (max-width: 767px){.kb-row-layout-id7750_f602b0-bb > .kt-row-column-wrap{grid-template-columns:minmax(0, 1fr);}}<\/style><div class=\"kb-row-layout-wrap kb-row-layout-id7750_f602b0-bb alignfull wp-block-kadence-rowlayout\" id=\"lasmer\"><div class=\"kt-row-column-wrap kt-has-2-columns kt-row-layout-equal kt-tab-layout-inherit kt-mobile-layout-row kt-row-valign-top\">\n<style>.kadence-column7750_9b6304-c3 > .kt-inside-inner-col{display:flex;}.kadence-column7750_9b6304-c3 > .kt-inside-inner-col{padding-right:var(--global-kb-spacing-sm, 1.5rem);}.kadence-column7750_9b6304-c3 > .kt-inside-inner-col,.kadence-column7750_9b6304-c3 > .kt-inside-inner-col:before{border-top-left-radius:0px;border-top-right-radius:0px;border-bottom-right-radius:0px;border-bottom-left-radius:0px;}.kadence-column7750_9b6304-c3 > .kt-inside-inner-col{column-gap:var(--global-kb-gap-sm, 1rem);}.kadence-column7750_9b6304-c3 > .kt-inside-inner-col{flex-direction:column;justify-content:center;}.kadence-column7750_9b6304-c3 > .kt-inside-inner-col > .aligncenter{width:100%;}.kt-row-column-wrap > .kadence-column7750_9b6304-c3{align-self:center;}.kt-inner-column-height-full:not(.kt-has-1-columns) > .wp-block-kadence-column.kadence-column7750_9b6304-c3{align-self:auto;}.kt-inner-column-height-full:not(.kt-has-1-columns) > .wp-block-kadence-column.kadence-column7750_9b6304-c3 > .kt-inside-inner-col{flex-direction:column;justify-content:center;}.kadence-column7750_9b6304-c3 > .kt-inside-inner-col:before{opacity:0.3;}.kadence-column7750_9b6304-c3{position:relative;}.kadence-column7750_9b6304-c3, .kt-inside-inner-col > .kadence-column7750_9b6304-c3:not(.specificity){margin-left:var(--global-kb-spacing-md, 2rem);}@media all and (max-width: 1024px){.kt-row-column-wrap > .kadence-column7750_9b6304-c3{align-self:center;}}@media all and (max-width: 1024px){.kt-inner-column-height-full:not(.kt-has-1-columns) > .wp-block-kadence-column.kadence-column7750_9b6304-c3{align-self:auto;}}@media all and (max-width: 1024px){.kt-inner-column-height-full:not(.kt-has-1-columns) > .wp-block-kadence-column.kadence-column7750_9b6304-c3 > .kt-inside-inner-col{flex-direction:column;justify-content:center;}}@media all and (max-width: 1024px){.kadence-column7750_9b6304-c3 > .kt-inside-inner-col{flex-direction:column;}}@media all and (max-width: 767px){.kadence-column7750_9b6304-c3 > .kt-inside-inner-col{padding-left:0px;flex-direction:column;}.kt-row-column-wrap > .kadence-column7750_9b6304-c3{align-self:center;}.kt-inner-column-height-full:not(.kt-has-1-columns) > .wp-block-kadence-column.kadence-column7750_9b6304-c3{align-self:auto;}.kt-inner-column-height-full:not(.kt-has-1-columns) > .wp-block-kadence-column.kadence-column7750_9b6304-c3 > .kt-inside-inner-col{flex-direction:column;justify-content:center;}.kadence-column7750_9b6304-c3, .kt-inside-inner-col > .kadence-column7750_9b6304-c3:not(.specificity){margin-right:0px;margin-left:0px;}}<\/style>\n<div class=\"wp-block-kadence-column kadence-column7750_9b6304-c3\"><div class=\"kt-inside-inner-col\">\n<h2 class=\"wp-block-heading nm-block-heading main-heading-gg\" style=\"font-size:50px\">Vi tilbyder nu reservedele!<\/h2>\n\n\n\n<p>I takt med vores v\u00e6kst \u00f8nsker vi nu at hj\u00e6lpe vores kunder og partnere med endnu et forretningsomr\u00e5de. Du kan nu bestille reservedele fra os i garantigruppen i norden AB ved at sende en foresp\u00f8rgsel nedenfor. Alle reservedele kan leveres med op til 36 m\u00e5neders garanti.<\/p>\n<\/div><\/div>\n\n\n<style>.kadence-column7750_eb5446-36 > .kt-inside-inner-col{min-height:550px;}.kadence-column7750_eb5446-36 > .kt-inside-inner-col,.kadence-column7750_eb5446-36 > .kt-inside-inner-col:before{border-top-left-radius:0px;border-top-right-radius:0px;border-bottom-right-radius:0px;border-bottom-left-radius:100px;}.kadence-column7750_eb5446-36 > .kt-inside-inner-col{column-gap:var(--global-kb-gap-sm, 1rem);}.kadence-column7750_eb5446-36 > .kt-inside-inner-col{flex-direction:column;}.kadence-column7750_eb5446-36 > .kt-inside-inner-col > .aligncenter{width:100%;}.kadence-column7750_eb5446-36 > .kt-inside-inner-col{background-image:url('https:\/\/garantigruppen.com\/wp-content\/uploads\/different-car-accessories-composition-1-scaled.jpg');background-size:cover;background-position:center center;background-attachment:scroll;background-repeat:no-repeat;}.kadence-column7750_eb5446-36 > .kt-inside-inner-col:before{opacity:0.3;}.kadence-column7750_eb5446-36{position:relative;}@media all and (max-width: 1024px){.kadence-column7750_eb5446-36 > .kt-inside-inner-col{flex-direction:column;}}@media all and (max-width: 767px){.kadence-column7750_eb5446-36 > .kt-inside-inner-col{flex-direction:column;}}<\/style>\n<div class=\"wp-block-kadence-column kadence-column7750_eb5446-36\"><div class=\"kt-inside-inner-col\"><\/div><\/div>\n\n<\/div><\/div>\n\n\n\n<style>.kb-row-layout-id16293_d81cae-2c > .kt-row-column-wrap{align-content:start;}:where(.kb-row-layout-id16293_d81cae-2c > .kt-row-column-wrap) > .wp-block-kadence-column{justify-content:start;}.kb-row-layout-id16293_d81cae-2c > .kt-row-column-wrap{column-gap:var(--global-kb-gap-none, 0rem );row-gap:var(--global-kb-gap-md, 2rem);padding-top:0px;padding-right:0px;padding-bottom:0px;min-height:700px;grid-template-columns:repeat(2, minmax(0, 1fr));}.kb-row-layout-id16293_d81cae-2c > .kt-row-layout-overlay{opacity:0.30;}@media all and (max-width: 1024px){.kb-row-layout-id16293_d81cae-2c > .kt-row-column-wrap{grid-template-columns:repeat(2, minmax(0, 1fr));}}@media all and (max-width: 767px){.kb-row-layout-id16293_d81cae-2c > .kt-row-column-wrap{row-gap:var(--global-kb-gap-none, 0rem );grid-template-columns:minmax(0, 1fr);}}<\/style><div class=\"kb-row-layout-wrap kb-row-layout-id16293_d81cae-2c alignnone wp-block-kadence-rowlayout\"><div class=\"kt-row-column-wrap kt-has-2-columns kt-row-layout-equal kt-tab-layout-inherit kt-mobile-layout-row kt-row-valign-top kt-inner-column-height-full\">\n<style>.kadence-column16293_31e4e5-f8 > .kt-inside-inner-col{min-height:700px;}.kadence-column16293_31e4e5-f8 > .kt-inside-inner-col,.kadence-column16293_31e4e5-f8 > .kt-inside-inner-col:before{border-top-left-radius:0px;border-top-right-radius:0px;border-bottom-right-radius:0px;border-bottom-left-radius:0px;}.kadence-column16293_31e4e5-f8 > .kt-inside-inner-col{column-gap:var(--global-kb-gap-sm, 1rem);}.kadence-column16293_31e4e5-f8 > .kt-inside-inner-col{flex-direction:column;}.kadence-column16293_31e4e5-f8 > .kt-inside-inner-col > .aligncenter{width:100%;}.kadence-column16293_31e4e5-f8 > .kt-inside-inner-col{background-image:url('https:\/\/garantigruppen.com\/wp-content\/uploads\/electric-car-charging-home-clean-energy-filling-technology.jpg');background-size:cover;background-position:center center;background-attachment:scroll;background-repeat:no-repeat;}.kadence-column16293_31e4e5-f8 > .kt-inside-inner-col:before{opacity:0.3;}.kadence-column16293_31e4e5-f8{position:relative;}@media all and (max-width: 1024px){.kadence-column16293_31e4e5-f8 > .kt-inside-inner-col{flex-direction:column;}}@media all and (max-width: 767px){.kadence-column16293_31e4e5-f8 > .kt-inside-inner-col{min-height:300px;flex-direction:column;}}<\/style>\n<div class=\"wp-block-kadence-column kadence-column16293_31e4e5-f8\"><div class=\"kt-inside-inner-col\">\n<p><\/p>\n<\/div><\/div>\n\n\n<style>.kadence-column16293_369931-51 > .kt-inside-inner-col{display:flex;}.kadence-column16293_369931-51 > .kt-inside-inner-col{padding-top:var(--global-kb-spacing-md, 2rem);padding-right:var(--global-kb-spacing-md, 2rem);padding-bottom:var(--global-kb-spacing-md, 2rem);padding-left:var(--global-kb-spacing-xxl, 5rem);}.kadence-column16293_369931-51 > .kt-inside-inner-col{min-height:700px;}.kadence-column16293_369931-51 > .kt-inside-inner-col,.kadence-column16293_369931-51 > .kt-inside-inner-col:before{border-top-left-radius:0px;border-top-right-radius:0px;border-bottom-right-radius:0px;border-bottom-left-radius:0px;}.kadence-column16293_369931-51 > .kt-inside-inner-col{column-gap:var(--global-kb-gap-sm, 1rem);}.kadence-column16293_369931-51 > .kt-inside-inner-col{flex-direction:column;justify-content:center;align-items:flex-start;}.kadence-column16293_369931-51 > .kt-inside-inner-col > .kb-image-is-ratio-size{align-self:stretch;}.kadence-column16293_369931-51 > .kt-inside-inner-col > .wp-block-kadence-advancedgallery{align-self:stretch;}.kadence-column16293_369931-51 > .kt-inside-inner-col > .aligncenter{width:100%;}.kt-row-column-wrap > .kadence-column16293_369931-51{align-self:center;}.kt-inner-column-height-full:not(.kt-has-1-columns) > .wp-block-kadence-column.kadence-column16293_369931-51{align-self:auto;}.kt-inner-column-height-full:not(.kt-has-1-columns) > .wp-block-kadence-column.kadence-column16293_369931-51 > .kt-inside-inner-col{flex-direction:column;justify-content:center;}.kadence-column16293_369931-51 > .kt-inside-inner-col{background-color:#f2f1ee;}.kadence-column16293_369931-51 > .kt-inside-inner-col:before{opacity:0.3;}.kadence-column16293_369931-51{position:relative;}@media all and (max-width: 1024px){.kt-row-column-wrap > .kadence-column16293_369931-51{align-self:center;}}@media all and (max-width: 1024px){.kt-inner-column-height-full:not(.kt-has-1-columns) > .wp-block-kadence-column.kadence-column16293_369931-51{align-self:auto;}}@media all and (max-width: 1024px){.kt-inner-column-height-full:not(.kt-has-1-columns) > .wp-block-kadence-column.kadence-column16293_369931-51 > .kt-inside-inner-col{flex-direction:column;justify-content:center;}}@media all and (max-width: 1024px){.kadence-column16293_369931-51 > .kt-inside-inner-col{flex-direction:column;align-items:flex-start;}}@media all and (max-width: 767px){.kadence-column16293_369931-51 > .kt-inside-inner-col{padding-top:var(--global-kb-spacing-sm, 1.5rem);padding-left:var(--global-kb-spacing-xs, 1rem);min-height:350px;flex-direction:column;align-items:flex-start;}.kt-row-column-wrap > .kadence-column16293_369931-51{align-self:center;}.kt-inner-column-height-full:not(.kt-has-1-columns) > .wp-block-kadence-column.kadence-column16293_369931-51{align-self:auto;}.kt-inner-column-height-full:not(.kt-has-1-columns) > .wp-block-kadence-column.kadence-column16293_369931-51 > .kt-inside-inner-col{flex-direction:column;justify-content:center;}}<\/style>\n<div class=\"wp-block-kadence-column kadence-column16293_369931-51\"><div class=\"kt-inside-inner-col\">\n<h2 class=\"wp-block-heading sub-heading-gg\">Kontakt garantigruppen<\/h2>\n\n\n\n<h2 class=\"wp-block-heading contact-link has-black-color has-text-color has-link-color wp-elements-b6fbcf18ecd0426bc7151ada1e69c8fc\"><a href=\"tel:031831010\">75 75 75 70<\/a><\/h2>\n\n\n\n<h2 class=\"wp-block-heading contact-link has-black-color has-text-color has-link-color wp-elements-de7ffde538328746c8db44420f4b6746\"><a href=\"mailto:info@garantigruppen.com\"><a href=\"mailto:Info@garantigruppen.com\" target=\"_blank\" rel=\"noreferrer noopener\">Info@garantigruppen.com<\/a><\/a><\/h2>\n\n\n\n<h2 class=\"wp-block-heading contact-link has-black-color has-text-color has-link-color wp-elements-ee7e4e43db5181175e5176f9a5e04129\"><a href=\"https:\/\/www.allabolag.se\/5593673758\/adresser\" target=\"_blank\" rel=\"noreferrer noopener\">CVR: 42139173<\/a><\/h2>\n<\/div><\/div>\n\n<\/div><\/div>","protected":false},"excerpt":{"rendered":"<p>Reservdelar I takt med v\u00e5r tillv\u00e4xt vill nu kunna hj\u00e4lpa v\u00e5ra kunder och samarbetspartner med \u00e4nnu ett aff\u00e4rsomr\u00e5de. Vi erbjuder nu reservdelar! I takt med v\u00e5r tillv\u00e4xt vill nu kunna hj\u00e4lpa v\u00e5ra kunder och samarbetspartner med \u00e4nnu ett aff\u00e4rsomr\u00e5de. Ni kan nu best\u00e4lla reservdelar fr\u00e5n oss p\u00e5 garantigruppen i norden AB genom att skicka en [&hellip;]<\/p>","protected":false},"author":367,"featured_media":0,"parent":0,"menu_order":0,"comment_status":"closed","ping_status":"closed","template":"","meta":{"_acf_changed":false,"_kad_blocks_custom_css":"","_kad_blocks_head_custom_js":"","_kad_blocks_body_custom_js":"","_kad_blocks_footer_custom_js":"","_monsterinsights_skip_tracking":false,"_monsterinsights_sitenote_active":false,"_monsterinsights_sitenote_note":"","_monsterinsights_sitenote_category":0,"footnotes":""},"class_list":["post-7750","page","type-page","status-publish","hentry"],"acf":[],"yoast_head":"<!-- This site is optimized with the Yoast SEO plugin v23.7 - https:\/\/yoast.com\/wordpress\/plugins\/seo\/ -->\n<title>Reservdelar - Garantigruppen<\/title>\n<meta name=\"robots\" content=\"index, follow, max-snippet:-1, max-image-preview:large, max-video-preview:-1\" \/>\n<link rel=\"canonical\" href=\"https:\/\/garantigruppen.com\/dk\/reservdelar\/\" \/>\n<meta property=\"og:locale\" content=\"da_DK\" \/>\n<meta property=\"og:type\" content=\"article\" \/>\n<meta property=\"og:title\" content=\"Reservdelar - Garantigruppen\" \/>\n<meta property=\"og:description\" content=\"Reservdelar I takt med v\u00e5r tillv\u00e4xt vill nu kunna hj\u00e4lpa v\u00e5ra kunder och samarbetspartner med \u00e4nnu ett aff\u00e4rsomr\u00e5de. Vi erbjuder nu reservdelar! I takt med v\u00e5r tillv\u00e4xt vill nu kunna hj\u00e4lpa v\u00e5ra kunder och samarbetspartner med \u00e4nnu ett aff\u00e4rsomr\u00e5de. Ni kan nu best\u00e4lla reservdelar fr\u00e5n oss p\u00e5 garantigruppen i norden AB genom att skicka en [&hellip;]\" \/>\n<meta property=\"og:url\" content=\"https:\/\/garantigruppen.com\/dk\/reservdelar\/\" \/>\n<meta property=\"og:site_name\" content=\"Garantigruppen\" \/>\n<meta property=\"article:modified_time\" content=\"2025-06-02T21:46:42+00:00\" \/>\n<meta name=\"twitter:card\" content=\"summary_large_image\" \/>\n<meta name=\"twitter:label1\" content=\"Est. reading time\" \/>\n\t<meta name=\"twitter:data1\" content=\"1 minute\" \/>\n<script type=\"application\/ld+json\" class=\"yoast-schema-graph\">{\"@context\":\"https:\/\/schema.org\",\"@graph\":[{\"@type\":\"WebPage\",\"@id\":\"https:\/\/garantigruppen.com\/reservdelar\/\",\"url\":\"https:\/\/garantigruppen.com\/reservdelar\/\",\"name\":\"Reservdelar - Garantigruppen\",\"isPartOf\":{\"@id\":\"https:\/\/garantigruppen.com\/#website\"},\"datePublished\":\"2024-05-17T12:48:11+00:00\",\"dateModified\":\"2025-06-02T21:46:42+00:00\",\"breadcrumb\":{\"@id\":\"https:\/\/garantigruppen.com\/reservdelar\/#breadcrumb\"},\"inLanguage\":\"da-DK\",\"potentialAction\":[{\"@type\":\"ReadAction\",\"target\":[\"https:\/\/garantigruppen.com\/reservdelar\/\"]}]},{\"@type\":\"BreadcrumbList\",\"@id\":\"https:\/\/garantigruppen.com\/reservdelar\/#breadcrumb\",\"itemListElement\":[{\"@type\":\"ListItem\",\"position\":1,\"name\":\"Hem\",\"item\":\"https:\/\/garantigruppen.com\/\"},{\"@type\":\"ListItem\",\"position\":2,\"name\":\"Reservdelar\"}]},{\"@type\":\"WebSite\",\"@id\":\"https:\/\/garantigruppen.com\/#website\",\"url\":\"https:\/\/garantigruppen.com\/\",\"name\":\"Garantigruppen\",\"description\":\"Din trygghet, v\u00e5r garanti.\",\"potentialAction\":[{\"@type\":\"SearchAction\",\"target\":{\"@type\":\"EntryPoint\",\"urlTemplate\":\"https:\/\/garantigruppen.com\/?s={search_term_string}\"},\"query-input\":{\"@type\":\"PropertyValueSpecification\",\"valueRequired\":true,\"valueName\":\"search_term_string\"}}],\"inLanguage\":\"da-DK\"}]}<\/script>\n<!-- \/ Yoast SEO plugin. -->","yoast_head_json":{"title":"Reservdelar - Garantigruppen","robots":{"index":"index","follow":"follow","max-snippet":"max-snippet:-1","max-image-preview":"max-image-preview:large","max-video-preview":"max-video-preview:-1"},"canonical":"https:\/\/garantigruppen.com\/dk\/reservdelar\/","og_locale":"da_DK","og_type":"article","og_title":"Reservdelar - Garantigruppen","og_description":"Reservdelar I takt med v\u00e5r tillv\u00e4xt vill nu kunna hj\u00e4lpa v\u00e5ra kunder och samarbetspartner med \u00e4nnu ett aff\u00e4rsomr\u00e5de. Vi erbjuder nu reservdelar! I takt med v\u00e5r tillv\u00e4xt vill nu kunna hj\u00e4lpa v\u00e5ra kunder och samarbetspartner med \u00e4nnu ett aff\u00e4rsomr\u00e5de. Ni kan nu best\u00e4lla reservdelar fr\u00e5n oss p\u00e5 garantigruppen i norden AB genom att skicka en [&hellip;]","og_url":"https:\/\/garantigruppen.com\/dk\/reservdelar\/","og_site_name":"Garantigruppen","article_modified_time":"2025-06-02T21:46:42+00:00","twitter_card":"summary_large_image","twitter_misc":{"Est. reading time":"1 minute"},"schema":{"@context":"https:\/\/schema.org","@graph":[{"@type":"WebPage","@id":"https:\/\/garantigruppen.com\/reservdelar\/","url":"https:\/\/garantigruppen.com\/reservdelar\/","name":"Reservdelar - Garantigruppen","isPartOf":{"@id":"https:\/\/garantigruppen.com\/#website"},"datePublished":"2024-05-17T12:48:11+00:00","dateModified":"2025-06-02T21:46:42+00:00","breadcrumb":{"@id":"https:\/\/garantigruppen.com\/reservdelar\/#breadcrumb"},"inLanguage":"da-DK","potentialAction":[{"@type":"ReadAction","target":["https:\/\/garantigruppen.com\/reservdelar\/"]}]},{"@type":"BreadcrumbList","@id":"https:\/\/garantigruppen.com\/reservdelar\/#breadcrumb","itemListElement":[{"@type":"ListItem","position":1,"name":"Hem","item":"https:\/\/garantigruppen.com\/"},{"@type":"ListItem","position":2,"name":"Reservdelar"}]},{"@type":"WebSite","@id":"https:\/\/garantigruppen.com\/#website","url":"https:\/\/garantigruppen.com\/","name":"Garantigruppen","description":"Din trygghet, v\u00e5r garanti.","potentialAction":[{"@type":"SearchAction","target":{"@type":"EntryPoint","urlTemplate":"https:\/\/garantigruppen.com\/?s={search_term_string}"},"query-input":{"@type":"PropertyValueSpecification","valueRequired":true,"valueName":"search_term_string"}}],"inLanguage":"da-DK"}]}},"taxonomy_info":[],"featured_image_src_large":false,"author_info":{"display_name":"smort-testkonto","author_link":"https:\/\/garantigruppen.com\/dk\/author\/smort-testkonto\/"},"comment_info":0,"_links":{"self":[{"href":"https:\/\/garantigruppen.com\/dk\/wp-json\/wp\/v2\/pages\/7750","targetHints":{"allow":["GET"]}}],"collection":[{"href":"https:\/\/garantigruppen.com\/dk\/wp-json\/wp\/v2\/pages"}],"about":[{"href":"https:\/\/garantigruppen.com\/dk\/wp-json\/wp\/v2\/types\/page"}],"author":[{"embeddable":true,"href":"https:\/\/garantigruppen.com\/dk\/wp-json\/wp\/v2\/users\/367"}],"replies":[{"embeddable":true,"href":"https:\/\/garantigruppen.com\/dk\/wp-json\/wp\/v2\/comments?post=7750"}],"version-history":[{"count":4,"href":"https:\/\/garantigruppen.com\/dk\/wp-json\/wp\/v2\/pages\/7750\/revisions"}],"predecessor-version":[{"id":24498,"href":"https:\/\/garantigruppen.com\/dk\/wp-json\/wp\/v2\/pages\/7750\/revisions\/24498"}],"wp:attachment":[{"href":"https:\/\/garantigruppen.com\/dk\/wp-json\/wp\/v2\/media?parent=7750"}],"curies":[{"name":"wp","href":"https:\/\/api.w.org\/{rel}","templated":true}]}}